{"id":63,"date":"2025-02-16T08:45:29","date_gmt":"2025-02-16T07:45:29","guid":{"rendered":"https:\/\/tuitulleida.com\/?page_id=63"},"modified":"2025-11-18T13:53:12","modified_gmt":"2025-11-18T12:53:12","slug":"aviso-legal","status":"publish","type":"page","link":"https:\/\/tuitulleida.com\/es\/aviso-legal\/","title":{"rendered":"Aviso legal"},"content":{"rendered":"\n<h3 class=\"wp-block-heading\">TITULAR DE LA WEB<\/h3>\n\n\n\n<p>En cumplimiento del deber de informar recogido en el art\u00edculo 10 de la Ley 34\/2002, de 11 de julio, de Servicios de la Sociedad de la Informaci\u00f3n y de Comercio Electr\u00f3nico, a continuaci\u00f3n se reflejan los siguientes datos:<\/p>\n\n\n\n<p>Empresa titular de esta web: GABERNET SOL\u00c9, N\u00daRIA &#8211; TU I TU LLEIDA<br>N\u00famero de colegiada 5223<br>Tel\u00e9fono: 973809777<br>Correo electr\u00f3nico: info@tuitulleida.com<\/p>\n\n\n\n<h3 class=\"wp-block-heading\">OBJETO<\/h3>\n\n\n\n<p>El responsable pone a disposici\u00f3n de los usuarios el presente documento con el que pretende dar cumplimiento a lo dispuesto por la normativa vigente en materia de protecci\u00f3n de datos, y en el contexto del nuevo marco normativo establecido en virtud de lo dispuesto en el Reglamento (UE) 2016\/679 del Parlamento Europeo y del Consejo, de 27 de abril de 2016, relativo a la protecci\u00f3n de las personas f\u00edsicas en lo que respecta al tratamiento de datos personales y a la libre circulaci\u00f3n de estos datos (en adelante, el \u00abRGPD\u00bb), y la normativa nacional Ley Org\u00e1nica de Protecci\u00f3n de Datos y Garant\u00eda de los Derechos Digitales (en adelante, la \u00abLOPDGDD\u201d), as\u00ed como informar a todos los usuarios del sitio web respecto a cu\u00e1les son las condiciones de uso de este.<\/p>\n\n\n\n<p>Toda persona que acceda a este sitio web asume el papel de usuario, comprometi\u00e9ndose a la observancia y cumplimiento riguroso de las disposiciones aqu\u00ed establecidas, as\u00ed como a cualquier otra disposici\u00f3n legal que fuera de aplicaci\u00f3n.<\/p>\n\n\n\n<p>El Responsable se reserva el derecho a modificar cualquier tipo de informaci\u00f3n publicada en el sitio web, sin que exista obligaci\u00f3n de preavisar o poner en conocimiento de los usuarios estas obligaciones, entendi\u00e9ndose como suficiente la publicaci\u00f3n en el sitio web del Responsable.<\/p>\n\n\n\n<h3 class=\"wp-block-heading\">RESPONSABILIDAD<\/h3>\n\n\n\n<p>El Responsable se exime de cualquier tipo de responsabilidad derivada de la informaci\u00f3n publicada en su sitio web que haya sido manipulada o introducida por un tercero ajeno al mismo.<\/p>\n\n\n\n<h3 class=\"wp-block-heading\">DIRECCIONES IP<\/h3>\n\n\n\n<p>Los servidores del sitio web detectan de manera autom\u00e1tica la direcci\u00f3n IP y el nombre de dominio utilizados por el usuario.<\/p>\n\n\n\n<p>Una direcci\u00f3n IP es un n\u00famero asignado autom\u00e1ticamente a un ordenador cuando \u00e9ste se conecta a Internet. Toda esta informaci\u00f3n se registra en un archivo de actividad del servidor, que permite el posterior procesamiento de los datos con la finalidad de obtener mediciones exclusivamente estad\u00edsticas que permitan conocer el n\u00famero de impresiones de p\u00e1ginas, el n\u00famero de visitas realizadas a los servidores web, el orden de visitas, el punto de acceso, etc.<\/p>\n\n\n\n<h3 class=\"wp-block-heading\">POL\u00cdTICA DE ENLACES<\/h3>\n\n\n\n<p>Desde el presente sitio web es posible que se redirija a contenidos de terceros sitios web. Dado que el Responsable no puede controlar siempre los contenidos introducidos por terceros en sus sitios web, \u00e9ste no asume ning\u00fan tipo de responsabilidad respecto a dichos contenidos. En todo caso, el Responsable manifiesta que proceder\u00e1 a la retirada inmediata de cualquier contenido que pudiera contravenir la legislaci\u00f3n nacional o internacional, la moral o el orden p\u00fablico, procediendo a la retirada inmediata de la redirecci\u00f3n a dicho sitio web, poniendo en conocimiento de las autoridades competentes el contenido en cuesti\u00f3n.<\/p>\n\n\n\n<p>El Responsable no se hace responsable de la informaci\u00f3n y contenidos almacenados, a t\u00edtulo enunciativo pero no limitativo, en foros, chat, generadores de blogs, comentarios, redes sociales o cualquier otro medio que permita a terceros publicar contenidos de forma independiente en la p\u00e1gina web del Responsable. No obstante, y en cumplimiento de lo dispuesto en el art. 11 y 16 de la LSSICE, el Responsable se pone a disposici\u00f3n de todos los usuarios, autoridades y fuerzas de seguridad, colaborando de forma activa en la retirada o, en su caso, bloqueo de todos aquellos contenidos que puedan afectar o contravenir la legislaci\u00f3n nacional, o internacional, derechos de terceros o la moral y el orden p\u00fablico. En caso de que el usuario considere que existe en el sitio web alg\u00fan contenido que pudiera ser susceptible de esta clasificaci\u00f3n, se ruega que lo notifique de forma inmediata al administrador del sitio web.<\/p>\n\n\n\n<p>Este sitio web ha sido revisado y probado para que funcione correctamente. En principio, puede garantizarse el correcto funcionamiento los 365 d\u00edas del a\u00f1o, 24 horas al d\u00eda. No obstante, el Responsable no descarta la posibilidad de que existan ciertos errores de programaci\u00f3n, o que se produzcan causas de fuerza mayor, cat\u00e1strofes naturales, huelgas, o circunstancias semejantes que hagan imposible el acceso a la p\u00e1gina web.<\/p>\n\n\n\n<h3 class=\"wp-block-heading\">PROTECCI\u00d3N DE DATOS<\/h3>\n\n\n\n<p>El Responsable cumple con lo dispuesto en el Reglamento (UE) 2016\/679 del Parlamento Europeo y del Consejo, de 27 de abril de 2016, relativo a la protecci\u00f3n de las personas f\u00edsicas en lo que respecta al tratamiento de datos personales y a la libre circulaci\u00f3n de estos datos (RGPD), y la normativa nacional Ley Org\u00e1nica de Protecci\u00f3n de Datos y Garant\u00eda de los Derechos Digitales (LOPDGDD).<\/p>\n\n\n\n<p>Asimismo, el Responsable informa que da cumplimiento a la Ley 34\/2002, de 11 de julio, de Servicios de la Sociedad de la Informaci\u00f3n y del Comercio Electr\u00f3nico y solicitar\u00e1 su consentimiento para el tratamiento de sus datos con fines comerciales en cada momento.<\/p>\n\n\n\n<h3 class=\"wp-block-heading\">PROPIEDAD INTELECTUAL E INDUSTRIAL<\/h3>\n\n\n\n<p>El sitio web, incluyendo a t\u00edtulo enunciativo pero no limitativo su programaci\u00f3n, edici\u00f3n, compilaci\u00f3n y otros elementos necesarios para su funcionamiento, los dise\u00f1os, logotipos, texto y\/o gr\u00e1ficos son propiedad del responsable o, en su caso, dispone de licencia o autorizaci\u00f3n expresa por parte de los autores.<\/p>\n\n\n\n<p>Todos los contenidos del sitio web se encuentran debidamente protegidos por la normativa de propiedad intelectual e industrial.<\/p>\n\n\n\n<p>Independientemente de la finalidad para la que fueran destinados, la reproducci\u00f3n total o parcial, uso, explotaci\u00f3n, distribuci\u00f3n y comercializaci\u00f3n, requiere en todo caso de la autorizaci\u00f3n previa por escrito por parte del responsable. Cualquier uso no autorizado previamente por parte del responsable ser\u00e1 considerado un incumplimiento grave de los derechos de propiedad intelectual o industrial del autor.<\/p>\n\n\n\n<p>Los dise\u00f1os, logotipos, texto y\/o gr\u00e1ficos ajenos al prestador y que pudieran aparecer en el sitio web, pertenecen a sus respectivos propietarios, siendo ellos mismos responsables de cualquier posible controversia que pudiera suscitarse respecto a los mismos. En todo caso, el Responsable cuenta con la autorizaci\u00f3n expresa y previa por parte de \u00e9stos.<\/p>\n\n\n\n<p>El responsable autoriza expresamente a que terceros puedan redirigir directamente a los contenidos concretos del sitio web, y en todo caso redirigir a la p\u00e1gina principal del sitio web del responsable.<\/p>\n\n\n\n<p>El Responsable reconoce a favor de sus titulares los correspondientes derechos de propiedad intelectual e industrial. Que esta propiedad se mencione o aparezca en el sitio web no implica que el Responsable tenga derecho alguno sobre ella, ni tampoco que la respalde, la patrocine o la recomiende.<\/p>\n\n\n\n<p>Para todas aquellas im\u00e1genes en las que el software de dise\u00f1o lo permita, se han incluido las referencias correspondientes a la autor\u00eda y licencia correspondiente.<\/p>\n\n\n\n<p>Para realizar cualquier tipo de observaci\u00f3n respecto a posibles incumplimientos de los derechos de propiedad intelectual o industrial, as\u00ed como sobre cualquiera de los contenidos del sitio web, puede hacerlo por escrito a la direcci\u00f3n indicada en el encabezamiento.<\/p>\n\n\n\n<h3 class=\"wp-block-heading\">SSL<\/h3>\n\n\n\n<p>El responsable ha contratado para su sitio web un certificado SSL (\u00abSecure Sockets Layer\u00bb).<\/p>\n\n\n\n<p>Un certificado SSL permite proteger toda la informaci\u00f3n personal y confidencial que se pueda gestionar en un sitio web, independientemente de la informaci\u00f3n que se transmita, como por ejemplo, desde cualquiera de los formularios de contacto de la web hasta el servidor, o los datos introducidos para la suscripci\u00f3n a boletines de noticias o accesos a las \u00e1reas protegidas, etc.<\/p>\n\n\n\n<p>La direcci\u00f3n del sitio web aparecer\u00e1 en color verde, activando el protocolo \u00abhttps\u00bb que permite conexiones seguras desde un servidor web al navegador del usuario.<\/p>\n","protected":false},"excerpt":{"rendered":"<p>TITULAR DE LA WEB En cumplimiento del deber de informar recogido en el art\u00edculo 10 de la Ley 34\/2002, de 11 de julio, de Servicios de la Sociedad de la Informaci\u00f3n y de Comercio Electr\u00f3nico, a continuaci\u00f3n se reflejan los siguientes datos: Empresa titular de esta web: GABERNET SOL\u00c9, N\u00daRIA &#8211; TU I TU LLEIDAN\u00famero [&hellip;]<\/p>\n","protected":false},"author":1,"featured_media":0,"parent":0,"menu_order":0,"comment_status":"closed","ping_status":"closed","template":"","meta":{"_acf_changed":false,"editor_notices":[],"footnotes":""},"class_list":["post-63","page","type-page","status-publish","hentry"],"acf":[],"_links":{"self":[{"href":"https:\/\/tuitulleida.com\/es\/wp-json\/wp\/v2\/pages\/63","targetHints":{"allow":["GET"]}}],"collection":[{"href":"https:\/\/tuitulleida.com\/es\/wp-json\/wp\/v2\/pages"}],"about":[{"href":"https:\/\/tuitulleida.com\/es\/wp-json\/wp\/v2\/types\/page"}],"author":[{"embeddable":true,"href":"https:\/\/tuitulleida.com\/es\/wp-json\/wp\/v2\/users\/1"}],"replies":[{"embeddable":true,"href":"https:\/\/tuitulleida.com\/es\/wp-json\/wp\/v2\/comments?post=63"}],"version-history":[{"count":5,"href":"https:\/\/tuitulleida.com\/es\/wp-json\/wp\/v2\/pages\/63\/revisions"}],"predecessor-version":[{"id":1180,"href":"https:\/\/tuitulleida.com\/es\/wp-json\/wp\/v2\/pages\/63\/revisions\/1180"}],"wp:attachment":[{"href":"https:\/\/tuitulleida.com\/es\/wp-json\/wp\/v2\/media?parent=63"}],"curies":[{"name":"wp","href":"https:\/\/api.w.org\/{rel}","templated":true}]}}