{"id":65,"date":"2025-02-16T08:45:38","date_gmt":"2025-02-16T07:45:38","guid":{"rendered":"https:\/\/tuitulleida.com\/?page_id=65"},"modified":"2025-11-18T13:53:37","modified_gmt":"2025-11-18T12:53:37","slug":"politica-de-privacidad","status":"publish","type":"page","link":"https:\/\/tuitulleida.com\/es\/politica-de-privacidad\/","title":{"rendered":"Pol\u00edtica de Privacidad"},"content":{"rendered":"\n<p>GABERNET SOL\u00c9, N\u00daRIA &#8211; TU I TU LLEIDA, informa a los usuarios del sitio web sobre su pol\u00edtica respecto al tratamiento y protecci\u00f3n de los datos de car\u00e1cter personal de los usuarios y clientes.<\/p>\n\n\n\n<p>Y garantiza en todo momento el \u00edntegro y pleno cumplimiento de las obligaciones dispuestas por la normativa de protecci\u00f3n de datos y servicios de la sociedad de la informaci\u00f3n: Reglamento (UE) 2016\/679 del Parlamento Europeo y del Consejo, de 27 de abril de 2016, relativo a la protecci\u00f3n de las personas f\u00edsicas en lo que respecta al tratamiento de datos personales y a la libre circulaci\u00f3n de estos datos (RGPD), la normativa Ley Org\u00e1nica 3\/2018, de 5 de diciembre, de Protecci\u00f3n de Datos Personales y garant\u00eda de los derechos digitales (LOPDGDD) y la Ley 34\/2002, de 11 de julio, de Servicios de la Sociedad de la Informaci\u00f3n y del Comercio Electr\u00f3nico (LSSIce).<\/p>\n\n\n\n<h3 class=\"wp-block-heading\">RESPONSABLE DEL TRATAMIENTO<\/h3>\n\n\n\n<p>GABERNET SOL\u00c9, N\u00daRIA &#8211; TU I TU LLEIDA<br>Tel\u00e9fono: 973809777<br>Correo electr\u00f3nico: info@tuitulleida.com<\/p>\n\n\n\n<h3 class=\"wp-block-heading\">FINALIDADES DEL TRATAMIENTO DE LOS DATOS<\/h3>\n\n\n\n<p>Los datos facilitados por el Usuario se utilizan para diversas finalidades que se enumeran a continuaci\u00f3n:<\/p>\n\n\n\n<figure class=\"wp-block-table\"><table class=\"has-fixed-layout\"><tbody><tr><td><p align=\"justify\"><span><b>Finalidad del tratamiento<\/b><\/span><\/p><\/td><td><p align=\"justify\"><span><b>Base jur\u00eddica para el tratamiento<\/b><\/span><\/p><\/td><\/tr><tr><td><span>Gestionar las consultas planteadas a trav\u00e9s del formulario de contacto<\/span><\/td><td><span>Inter\u00e9s leg\u00edtimo de la Sociedad para atender los requerimientos de informaci\u00f3n a trav\u00e9s de la web.<\/span><br><span>Consentimiento prestado de forma expresa en el momento de recogida de los datos a trav\u00e9s de los formularios web.<\/span><\/td><\/tr><tr><td><span>Env\u00edo de newsletters, comunicaciones comerciales y promociones.<\/span><\/td><td><span>Consentimiento prestado de forma expresa en el momento de recogida de los datos a trav\u00e9s de los formularios web.<\/span><\/td><\/tr><tr><td><span>Gestionar las incidencias y el mantenimiento de la web.<\/span><\/td><td><span>Inter\u00e9s leg\u00edtimo de la Sociedad.<\/span><\/td><\/tr><\/tbody><\/table><\/figure>\n\n\n\n<h3 class=\"wp-block-heading\">PLAZO DE CONSERVACI\u00d3N DE LOS DATOS<\/h3>\n\n\n\n<figure class=\"wp-block-table\"><table class=\"has-fixed-layout\"><tbody><tr><td><p align=\"justify\"><span><b>Finalidad del tratamiento<\/b><\/span><\/p><\/td><td><p align=\"justify\"><span><b>Plazo de conservaci\u00f3n<\/b><\/span><\/p><\/td><\/tr><tr><td><span>Gestionar las consultas planteadas a trav\u00e9s del formulario de contacto<\/span><\/td><td><span>Trataremos tus datos durante el tiempo que sea necesario para atender tu solicitud o petici\u00f3n.<\/span><\/td><\/tr><tr><td><span>Env\u00edo de newsletters, comunicaciones comerciales y promociones.<\/span><\/td><td><span>Trataremos tus datos hasta que te des de baja.<\/span><\/td><\/tr><tr><td><span>Gestionar las incidencias y el mantenimiento de la web.<\/span><\/td><td><span>Trataremos tus datos durante el tiempo necesario para cumplir los plazos legales de prescripci\u00f3n que resulten aplicables.<\/span><\/td><\/tr><\/tbody><\/table><\/figure>\n\n\n\n<h3 class=\"wp-block-heading\">DESTINATARIOS DE LOS DATOS<\/h3>\n\n\n\n<p>Para cumplir con las finalidades indicadas en la presente Pol\u00edtica de Privacidad, es necesario que demos acceso a tus datos personales a terceras partes que nos apoyan en los servicios que te ofrecemos (Encargados de Tratamiento).<\/p>\n\n\n\n<p>Los encargados de tratamiento lo ser\u00e1n para la ejecuci\u00f3n de un contrato o prestaci\u00f3n de un servicio al Responsable, siguiendo en todo momento sus instrucciones y asegurando los mismos niveles de seguridad.<\/p>\n\n\n\n<h3 class=\"wp-block-heading\">DERECHOS DE LOS USUARIOS<\/h3>\n\n\n\n<p>El usuario tiene derecho a:<\/p>\n\n\n\n<p>\u00b7 Solicitar el acceso a sus datos personales que se est\u00e1n tratando y recibir esta informaci\u00f3n por escrito por el medio solicitado.<br>\u00b7 Solicitar la rectificaci\u00f3n de los datos personales inexactos o, en su caso, solicitar su supresi\u00f3n cuando, entre otros motivos, los datos ya no sean necesarios para la finalidad para la que fueron recogidos.<br>\u00b7 Solicitar la limitaci\u00f3n del tratamiento de sus datos.<br>\u00b7 Oponerse al tratamiento de sus datos personales cuando proceda; en este caso, se dejar\u00e1n de tratar sus datos excepto por motivos leg\u00edtimos.<br>\u00b7 Derecho a la portabilidad de los datos. El interesado tiene derecho a recibir los datos personales si han sido facilitados en un formato estructurado, de uso com\u00fan y de lectura mec\u00e1nica, y a transmitirlos a otro responsable, si se cumplen los siguientes requisitos:<\/p>\n\n\n\n<ol class=\"wp-block-list\">\n<li>El tratamiento se basa en el consentimiento o en un contrato.<\/li>\n\n\n\n<li>El tratamiento se realiza por medios automatizados.<br>\u00b7 Derecho a retirar el consentimiento otorgado.<br>\u00b7 Derecho a reclamar ante la Agencia Espa\u00f1ola de Protecci\u00f3n de Datos.<\/li>\n<\/ol>\n\n\n\n<p>El Usuario puede ejercer los derechos anteriormente indicados en la direcci\u00f3n de correo postal o electr\u00f3nica del Responsable, acreditando su identidad con una copia escaneada de su DNI o documento equivalente, y especificando el derecho que desea ejercer.<\/p>\n\n\n\n<h3 class=\"wp-block-heading\">PROCEDENCIA DE LOS DATOS<\/h3>\n\n\n\n<p>Los datos personales deben ser facilitados por el propio interesado de forma absolutamente voluntaria. La falta de algunos datos o la no respuesta a preguntas que puedan formularse a la persona interesada en los procesos de registro o a trav\u00e9s de formularios electr\u00f3nicos, puede provocar la imposibilidad de acceso a determinados servicios para cuya prestaci\u00f3n es imprescindible disponer de estos datos personales. En este caso, el Responsable del Tratamiento debe informar del car\u00e1cter obligatorio o necesario de facilitar los datos personales para el funcionamiento del servicio.<br>El Responsable asegura la confidencialidad de tus datos personales y garantiza su seguridad, adoptando las medidas necesarias para evitar su alteraci\u00f3n, p\u00e9rdida, tratamiento o acceso no autorizado.<\/p>\n\n\n\n<h3 class=\"wp-block-heading\">INFORMACI\u00d3N FACILITADA POR EL INTERESADO<\/h3>\n\n\n\n<p>Los menores de 18 a\u00f1os no pueden ceder sus datos personales sin el previo consentimiento de su padre\/madre y\/o tutores legales.<br>El interesado, al introducir sus datos en los formularios de contacto o presentados en formularios de descarga, acepta expresamente y de forma libre e inequ\u00edvoca que sus datos son necesarios para que el Responsable atienda su petici\u00f3n, y es voluntaria la inclusi\u00f3n de datos en los campos restantes.<br>El interesado garantiza que los datos personales facilitados al prestador son veraces y se responsabiliza de comunicar cualquier modificaci\u00f3n de los mismos.<br>Todos los datos solicitados a trav\u00e9s del sitio web son necesarios para la prestaci\u00f3n de un servicio \u00f3ptimo al interesado. En caso de que no se faciliten todos los datos, no se garantiza que la informaci\u00f3n y los servicios que el Responsable le proporcione sean completamente ajustados a sus necesidades.<\/p>\n\n\n\n<h3 class=\"wp-block-heading\">MEDIDAS DE SEGURIDAD<\/h3>\n\n\n\n<p>De conformidad con lo dispuesto en las normativas vigentes en materia de protecci\u00f3n de datos personales, el Responsable est\u00e1 cumpliendo con todas las disposiciones de las normativas RGPD y LOPDGDD para el tratamiento de los datos personales bajo su responsabilidad, y expresamente con los principios descritos en el art\u00edculo 5 del RGPD y en el art\u00edculo 4 de la LOPDGDD, por los cuales son tratados de forma l\u00edcita, leal y transparente en relaci\u00f3n con el interesado y adecuados, pertinentes y limitados a lo necesario en relaci\u00f3n con los fines para los que son tratados.<br>El Responsable garantiza que ha implementado pol\u00edticas t\u00e9cnicas y organizativas apropiadas para aplicar las medidas de seguridad que establecen el RGPD y la LOPDGDD con el fin de proteger los derechos y libertades del interesado y les ha comunicado la informaci\u00f3n adecuada para que puedan ejercerlos.<\/p>\n\n\n\n<h3 class=\"wp-block-heading\">BRECHAS DE SEGURIDAD<\/h3>\n\n\n\n<p>El Responsable informar\u00e1 sobre cualquier brecha de seguridad que afecte a la base de datos que utiliza este sitio web, o que afecte a cualquiera de nuestros servicios de terceros, a todas y cada una de las personas cuyos datos puedan haber sido afectados, y a las autoridades, dentro de las 72 horas siguientes a la detecci\u00f3n de la brecha.<\/p>\n\n\n\n<h3 class=\"wp-block-heading\">LEGISLACI\u00d3N APLICABLE Y JURISDICCI\u00d3N<\/h3>\n\n\n\n<p>Para la resoluci\u00f3n de todas las controversias o cuestiones relacionadas con el presente sitio web o de las actividades en \u00e9l desarrolladas, ser\u00e1 de aplicaci\u00f3n la legislaci\u00f3n espa\u00f1ola, a la que se someten expresamente las partes, siendo competentes para la resoluci\u00f3n de todos los conflictos derivados o relacionados con su uso los Juzgados y Tribunales de Lleida.<\/p>\n","protected":false},"excerpt":{"rendered":"<p>GABERNET SOL\u00c9, N\u00daRIA &#8211; TU I TU LLEIDA, informa a los usuarios del sitio web sobre su pol\u00edtica respecto al tratamiento y protecci\u00f3n de los datos de car\u00e1cter personal de los usuarios y clientes. Y garantiza en todo momento el \u00edntegro y pleno cumplimiento de las obligaciones dispuestas por la normativa de protecci\u00f3n de datos [&hellip;]<\/p>\n","protected":false},"author":1,"featured_media":0,"parent":0,"menu_order":0,"comment_status":"closed","ping_status":"closed","template":"","meta":{"_acf_changed":false,"editor_notices":[],"footnotes":""},"class_list":["post-65","page","type-page","status-publish","hentry"],"acf":[],"_links":{"self":[{"href":"https:\/\/tuitulleida.com\/es\/wp-json\/wp\/v2\/pages\/65","targetHints":{"allow":["GET"]}}],"collection":[{"href":"https:\/\/tuitulleida.com\/es\/wp-json\/wp\/v2\/pages"}],"about":[{"href":"https:\/\/tuitulleida.com\/es\/wp-json\/wp\/v2\/types\/page"}],"author":[{"embeddable":true,"href":"https:\/\/tuitulleida.com\/es\/wp-json\/wp\/v2\/users\/1"}],"replies":[{"embeddable":true,"href":"https:\/\/tuitulleida.com\/es\/wp-json\/wp\/v2\/comments?post=65"}],"version-history":[{"count":6,"href":"https:\/\/tuitulleida.com\/es\/wp-json\/wp\/v2\/pages\/65\/revisions"}],"predecessor-version":[{"id":1181,"href":"https:\/\/tuitulleida.com\/es\/wp-json\/wp\/v2\/pages\/65\/revisions\/1181"}],"wp:attachment":[{"href":"https:\/\/tuitulleida.com\/es\/wp-json\/wp\/v2\/media?parent=65"}],"curies":[{"name":"wp","href":"https:\/\/api.w.org\/{rel}","templated":true}]}}