{"id":67,"date":"2025-02-16T08:45:46","date_gmt":"2025-02-16T07:45:46","guid":{"rendered":"https:\/\/tuitulleida.com\/?page_id=67"},"modified":"2025-08-28T14:14:21","modified_gmt":"2025-08-28T12:14:21","slug":"politica-de-cookies","status":"publish","type":"page","link":"https:\/\/tuitulleida.com\/es\/politica-de-cookies\/","title":{"rendered":"Pol\u00edtica de cookies"},"content":{"rendered":"\n<p>Este sitio web utiliza cookies propias y de terceros para ofrecerle una mejor experiencia y servicio. Al navegar o utilizar nuestros servicios el usuario acepta el uso que hacemos de las cookies. No obstante, el usuario tiene la opci\u00f3n de impedir la generaci\u00f3n de cookies y la eliminaci\u00f3n de estas.<\/p>\n\n\n\n<h3 class=\"wp-block-heading\">\u00bfQU\u00c9 ES UNA COOKIE?<\/h3>\n\n\n\n<p>Una cookie es un peque\u00f1o fragmento de texto que los sitios web env\u00edan al navegador y que se almacena en el terminal del usuario, el cual puede ser un ordenador personal, un tel\u00e9fono m\u00f3vil, tableta, etc. Estos archivos permiten que el sitio web recuerde informaci\u00f3n sobre su visita, como el idioma y las opciones preferidas, lo que puede facilitar su pr\u00f3xima visita y hacer que el sitio resulte m\u00e1s \u00fatil al personalizar su contenido. Las cookies desempe\u00f1an un papel muy importante en la mejora de la experiencia de uso de la Web.<\/p>\n\n\n\n<h3 class=\"wp-block-heading\">TIPOS DE COOKIES<\/h3>\n\n\n\n<p>Seg\u00fan la entidad que las gestione, las cookies pueden ser:<\/p>\n\n\n\n<ul class=\"wp-block-list\">\n<li><strong>Cookies propias<\/strong>: Son aquellas que se env\u00edan al equipo terminal del interesado desde un equipo o dominio gestionado por el propio editor y desde el cual se presta el servicio solicitado por el usuario.<\/li>\n\n\n\n<li><strong>Cookies de terceros<\/strong>: Son aquellas que se env\u00edan al equipo terminal del usuario desde un equipo o dominio que no es gestionado por el editor, sino por otra entidad que trata los datos obtenidos a trav\u00e9s de las cookies.<\/li>\n<\/ul>\n\n\n\n<p>Seg\u00fan el plazo de tiempo que permanecen activadas:<\/p>\n\n\n\n<ul class=\"wp-block-list\">\n<li><strong>Cookies de sesi\u00f3n<\/strong>: Son un tipo de cookies dise\u00f1adas para recabar y almacenar datos mientras el usuario accede a una p\u00e1gina web. Se suelen emplear para almacenar informaci\u00f3n que solo interesa conservar para la prestaci\u00f3n del servicio solicitado por el usuario en una sola ocasi\u00f3n.<\/li>\n\n\n\n<li><strong>Cookies persistentes<\/strong>: Son un tipo de cookies en las que los datos siguen almacenados en el terminal y pueden ser accedidos y tratados durante un per\u00edodo definido por el responsable de la cookie, que puede ir desde unos minutos hasta varios a\u00f1os.<\/li>\n<\/ul>\n\n\n\n<p>Seg\u00fan la finalidad para la que se traten los datos obtenidos a trav\u00e9s de las cookies, la web puede utilizar:<\/p>\n\n\n\n<ul class=\"wp-block-list\">\n<li><strong>Cookies t\u00e9cnicas &#8211;<\/strong> Son aquellas que permiten al usuario la navegaci\u00f3n a trav\u00e9s de la p\u00e1gina web o aplicaci\u00f3n y la utilizaci\u00f3n de las diferentes opciones o servicios que en ella existen. Por ejemplo, controlar el tr\u00e1fico y la comunicaci\u00f3n de datos, identificar la sesi\u00f3n, acceder a las partes web de acceso restringido, recordar los elementos que integran un pedido, realizar la solicitud de inscripci\u00f3n o participaci\u00f3n en un evento, utilizar elementos de seguridad durante la navegaci\u00f3n y almacenar contenidos para la difusi\u00f3n de v\u00eddeos o sonido.<\/li>\n\n\n\n<li><strong>Cookies de personalizaci\u00f3n &#8211;<\/strong> Son aquellas que permiten al usuario acceder al servicio con algunas caracter\u00edsticas de car\u00e1cter general predefinidas en su terminal o que el propio usuario defina. Por ejemplo, el idioma, el tipo de navegador a trav\u00e9s del cual accede al servicio, el dise\u00f1o de contenidos seleccionado, geolocalizaci\u00f3n del terminal y la configuraci\u00f3n regional desde donde accede al servicio.<\/li>\n\n\n\n<li><strong>Cookies publicitarias &#8211;<\/strong> Son aquellas que permiten la gesti\u00f3n eficaz de los espacios publicitarios que se han incluido en la p\u00e1gina web o aplicaci\u00f3n desde la cual se presta el servicio. Permiten adecuar el contenido de la publicidad para que esta sea relevante para el usuario y para evitar mostrar anuncios que el usuario ya haya visto.<\/li>\n\n\n\n<li><strong>Cookies de an\u00e1lisis estad\u00edstico &#8211;<\/strong> Son aquellas que permiten realizar el seguimiento y an\u00e1lisis del comportamiento de los usuarios en los sitios web. La informaci\u00f3n recogida mediante este tipo de cookies se utiliza en la medici\u00f3n de la actividad de los sitios web, aplicaci\u00f3n o plataforma y para la elaboraci\u00f3n de perfiles de navegaci\u00f3n de los usuarios de estos sitios, con la finalidad de introducir mejoras en el servicio en funci\u00f3n de los datos de uso que hacen los usuarios.<\/li>\n<\/ul>\n\n\n\n<p>Las cookies utilizadas en este sitio web pueden verse en el panel de configuraci\u00f3n y ajustar su configuraci\u00f3n en cualquier momento.<\/p>\n\n\n\n<p>La identificaci\u00f3n de qui\u00e9n utiliza las cookies, el tipo de cookies utilizadas y otros detalles, se indican a continuaci\u00f3n:<\/p>\n\n\n\n<p>Relaci\u00f3n de cookies utilizadas:<\/p>\n\n\n\n<figure class=\"wp-block-table\"><table class=\"has-fixed-layout\"><thead><tr><th>Cookie<\/th><th>Tipo<\/th><th>Duraci\u00f3n<\/th><th>Descripci\u00f3n<\/th><\/tr><\/thead><tbody><tr><td>_ga<\/td><td>Anal\u00edtica<\/td><td>2 a\u00f1os<\/td><td>La cookie _ga, instalada por Google Analytics, calcula los datos de visitantes, sesiones y campa\u00f1as y tambi\u00e9n realiza un seguimiento del uso del sitio para el informe de an\u00e1lisis del sitio. La cookie almacena informaci\u00f3n de forma an\u00f3nima y asigna un n\u00famero generado aleatoriamente para reconocer a los visitantes \u00fanicos.<\/td><\/tr><tr><td>_gat_gtag_UA_121104647_1<\/td><td>Anal\u00edtica<\/td><td>1 minuto<\/td><td>Definida por Google para distinguir a los usuarios.<\/td><\/tr><tr><td>_gat_gtag_UA_121104647_2<\/td><td>Anal\u00edtica<\/td><td>1 minuto<\/td><td>Definida por Google para distinguir a los usuarios.<\/td><\/tr><tr><td>_gcl_au<\/td><td>Anal\u00edtica<\/td><td>3 meses<\/td><td>Proporcionada por Google Tag Manager para experimentar la eficacia publicitaria de los sitios web que utilizan sus servicios.<\/td><\/tr><tr><td>_gid<\/td><td>Anal\u00edtica<\/td><td>1 d\u00eda<\/td><td>Instalada por Google Analytics, la cookie _gid almacena informaci\u00f3n sobre c\u00f3mo los visitantes utilizan un sitio web, al tiempo que crea un informe anal\u00edtico del rendimiento del sitio web. Algunos de los datos que se recopilan incluyen el n\u00famero de visitantes, su procedencia y las p\u00e1ginas que visitan de forma an\u00f3nima.<\/td><\/tr><tr><td>cookielawinfo-checkbox-analytics<\/td><td>Necesarias<\/td><td>11 meses<\/td><td>Esta cookie la establece el complemento de consentimiento de cookies de GDPR. La cookie se utiliza para almacenar el consentimiento del usuario para las cookies de la categor\u00eda \u00abAnal\u00edtica\u00bb.<\/td><\/tr><tr><td>cookielawinfo-checkbox-necessary<\/td><td>Necesarias<\/td><td>11 meses<\/td><td>Esta cookie la establece el complemento de consentimiento de cookies de GDPR. Las cookies se utilizan para almacenar el consentimiento del usuario para las cookies de la categor\u00eda \u00abNecesarias\u00bb.<\/td><\/tr><tr><td>IDE<\/td><td>Anuncios<\/td><td>1 a\u00f1o y 24 d\u00edas<\/td><td>Las cookies de Google DoubleClick IDE se utilizan para almacenar informaci\u00f3n sobre c\u00f3mo el usuario utiliza el sitio web y presentarles anuncios relevantes seg\u00fan su perfil.<\/td><\/tr><tr><td>PHPSESSID<\/td><td>Necesarias<\/td><td>Sesi\u00f3n<\/td><td>Esta cookie es nativa de las aplicaciones PHP. La cookie se utiliza para almacenar e identificar el identificador de sesi\u00f3n \u00fanico de un usuario con la finalidad de gestionar la sesi\u00f3n de usuario en el sitio web. La cookie es de sesi\u00f3n y se elimina cuando se cierran todas las ventanas del navegador.<\/td><\/tr><tr><td>test_cookie<\/td><td>Anuncios<\/td><td>15 minutos<\/td><td>El test_cookie lo define doubleclick.net y se utiliza para determinar si el navegador del usuario admite cookies.<\/td><\/tr><tr><td>viewed_cookie_policy<\/td><td>Necesarias<\/td><td>11 meses<\/td><td>La cookie la configura el complemento de consentimiento de cookies GDPR y se utiliza para almacenar si el usuario ha consentido o no el uso de cookies. No almacena ning\u00fan dato personal.<\/td><\/tr><\/tbody><\/table><\/figure>\n\n\n\n<h3 class=\"wp-block-heading\">\u00bfC\u00d3MO ADMINISTRAR LAS COOKIES EN EL NAVEGADOR?<\/h3>\n\n\n\n<p>El usuario tiene la opci\u00f3n de permitir, bloquear o eliminar las cookies instaladas en su equipo mediante la configuraci\u00f3n de las opciones del navegador instalado en su terminal:<\/p>\n\n\n\n<ul class=\"wp-block-list\">\n<li><a href=\"http:\/\/support.mozilla.org\/es\/kb\/habilitar-y-deshabilitar-cookies-que-los-sitios-we\" rel=\"noopener\">Firefox<\/a><\/li>\n\n\n\n<li><a href=\"http:\/\/support.google.com\/chrome\/bin\/answer.py?hl=es&amp;answer=95647\" rel=\"noopener\">Chrome<\/a><\/li>\n\n\n\n<li><a href=\"https:\/\/support.microsoft.com\/es-es\/help\/278835\/how-to-delete-cookie-files-in-internet-explorer\" rel=\"noopener\">Internet Explorer<\/a><\/li>\n\n\n\n<li><a href=\"https:\/\/support.microsoft.com\/es-es\/help\/4468242\/microsoft-edge-browsing-data-and-privacy-microsoft-privacy\" rel=\"noopener\">Microsoft Edge<\/a><\/li>\n\n\n\n<li><a href=\"http:\/\/support.apple.com\/kb\/ph5042\" rel=\"noopener\">Safari<\/a><\/li>\n\n\n\n<li><a href=\"http:\/\/help.opera.com\/Windows\/11.50\/es-ES\/cookies.html\" rel=\"noopener\">Opera<\/a><\/li>\n<\/ul>\n\n\n\n<p>En algunos navegadores se pueden configurar reglas espec\u00edficas para administrar cookies por sitio web, lo que ofrece un control m\u00e1s preciso sobre la privacidad. Esto significa que se pueden inhabilitar cookies de todos los sitios excepto de aquellos en los que se conf\u00ede.<\/p>\n\n","protected":false},"excerpt":{"rendered":"<p>Este sitio web utiliza cookies propias y de terceros para ofrecerle una mejor experiencia y servicio. Al navegar o utilizar nuestros servicios el usuario acepta el uso que hacemos de las cookies. No obstante, el usuario tiene la opci\u00f3n de impedir la generaci\u00f3n de cookies y la eliminaci\u00f3n de estas. \u00bfQU\u00c9 ES UNA COOKIE? Una [&hellip;]<\/p>\n","protected":false},"author":1,"featured_media":0,"parent":0,"menu_order":0,"comment_status":"closed","ping_status":"closed","template":"","meta":{"_acf_changed":false,"editor_notices":[],"footnotes":""},"class_list":["post-67","page","type-page","status-publish","hentry"],"acf":[],"_links":{"self":[{"href":"https:\/\/tuitulleida.com\/es\/wp-json\/wp\/v2\/pages\/67","targetHints":{"allow":["GET"]}}],"collection":[{"href":"https:\/\/tuitulleida.com\/es\/wp-json\/wp\/v2\/pages"}],"about":[{"href":"https:\/\/tuitulleida.com\/es\/wp-json\/wp\/v2\/types\/page"}],"author":[{"embeddable":true,"href":"https:\/\/tuitulleida.com\/es\/wp-json\/wp\/v2\/users\/1"}],"replies":[{"embeddable":true,"href":"https:\/\/tuitulleida.com\/es\/wp-json\/wp\/v2\/comments?post=67"}],"version-history":[{"count":5,"href":"https:\/\/tuitulleida.com\/es\/wp-json\/wp\/v2\/pages\/67\/revisions"}],"predecessor-version":[{"id":1065,"href":"https:\/\/tuitulleida.com\/es\/wp-json\/wp\/v2\/pages\/67\/revisions\/1065"}],"wp:attachment":[{"href":"https:\/\/tuitulleida.com\/es\/wp-json\/wp\/v2\/media?parent=67"}],"curies":[{"name":"wp","href":"https:\/\/api.w.org\/{rel}","templated":true}]}}